{"id":6,"date":"2019-05-29T22:51:19","date_gmt":"2019-05-29T20:51:19","guid":{"rendered":"http:\/\/www.ensolutions.de\/?page_id=6"},"modified":"2024-11-06T11:04:19","modified_gmt":"2024-11-06T10:04:19","slug":"standardloesungen","status":"publish","type":"page","link":"https:\/\/www.ensolutions.de\/?page_id=6","title":{"rendered":"Imprerssum"},"content":{"rendered":"\r\n<h2 class=\"wp-block-heading\">Electrical Network Solutions UG<\/h2>\r\n\r\n\r\n\r\n<p><strong>Electrical Network Solutions UG <\/strong>(haftungsbeschr\u00e4nkt)<\/p>\r\n\r\n\r\n\r\n<p>Erlenstra\u00dfe 13<br \/>72290 Lo\u00dfburg<br \/>Telefon: (0711) 460523-180<br \/>Telefax: (0711) 460523-189<\/p>\r\n\r\n\r\n\r\n<p>Bankverbindung:<br \/>Volksbank Mittlerer Neckar eG<br \/>IBAN: DE49 6129 0120 0271 4420 00<br \/>BIC: GENODES1NUE <br \/>Gesch\u00e4ftsf\u00fchrer: Dietmar Schmidt<br \/>Gesellschafter: Dietmar Schmidt, Heide Schmidt, Mario Conticello<br \/>HRB 734507<br \/>Amtsgericht Esslingen<br \/>Steuernummer: 56455\/02733<br \/>UStIdNr.: DE273098507<\/p>\r\n\r\n\r\n\r\n<p><strong>Information \u00fcber die Erhebung personenbezogener Daten und Kontaktdaten des Verantwortlichen<\/strong><\/p>\r\n\r\n\r\n\r\n<p>Verantwortlicher f\u00fcr die Datenverarbeitung auf dieser Website im Sinne der Datenschutz-Grundverordnung (DSGVO) ist die Electrical Network Solutions UG. Der f\u00fcr die Verarbeitung von personenbezogenen Daten Verantwortliche ist diejenige nat\u00fcrliche oder juristische Person, die allein oder gemeinsam mit anderen \u00fcber die Zwecke und Mittel der Verarbeitung von personenbezogenen Daten entscheidet.<br \/>Der Verantwortliche hat einen Datenschutzbeauftragten bestellt, dieser ist wie folgt zu erreichen: \u201eER Secure GmbH, In der Knackenau 4, 82031 Gr\u00fcnwald, www.er-secure.de, E-Mail-Adresse: datenschutz@ensolutions.de \u201c<\/p>\r\n\r\n\r\n\r\n<p><strong>Datenschutz<\/strong><\/p>\r\n\r\n\r\n\r\n<p>Die Nutzung unserer Webseite ist in der Regel ohne Angabe personenbezogener Daten m\u00f6glich. Soweit auf unseren Seiten personenbezogene Daten (beispielsweise Name, Anschrift oder E-Mail-Adressen) erhoben werden, erfolgt dies, soweit m\u00f6glich, stets auf freiwilliger Basis. Diese Daten werden ohne Ihre ausdr\u00fcckliche Zustimmung nicht an Dritte weitergegeben.<\/p>\r\n\r\n\r\n\r\n<p>Wir weisen darauf hin, dass die Daten\u00fcbertragung im Internet (z.B. bei der Kommunikation per E-Mail) Sicherheitsl\u00fccken aufweisen kann. Ein l\u00fcckenloser Schutz der Daten vor dem Zugriff durch Dritte ist nicht m\u00f6glich.<\/p>\r\n\r\n\r\n\r\n<p>Der Nutzung von im Rahmen der Impressumspflicht ver\u00f6ffentlichten Kontaktdaten durch Dritte zur \u00dcbersendung von nicht ausdr\u00fccklich angeforderter Werbung und Informationsmaterialien wird hiermit ausdr\u00fccklich widersprochen. Die Betreiber der Seiten behalten sich ausdr\u00fccklich rechtliche Schritte im Falle der unverlangten Zusendung von Werbeinformationen, etwa durch Spam-Mails, vor. Des Weiteren verweisen wir auf unsere Datenschutzbestimmungen.<\/p>\r\n\r\n\r\n\r\n<p><strong>Kontaktformular<\/strong><\/p>\r\n\r\n\r\n\r\n<p>Wenn Sie uns \u00fcber das Onlineformular oder per E-Mail kontaktieren, speichern wir die von Ihnen gemachten Angaben, um Ihre Anfrage beantworten oder m\u00f6gliche Anschlussfragen stellen zu k\u00f6nnen sowie f\u00fcr die damit verbundene technische Administration. Rechtsgrundlage f\u00fcr die Verarbeitung der Daten ist unser berechtigtes Interesse an der Beantwortung Ihres Anliegens gem\u00e4\u00df Art. 6 Abs. 1 lit. f DSGVO.<\/p>\r\n\r\n\r\n\r\n<p><strong>Rechte der betroffenen Person<\/strong><\/p>\r\n\r\n\r\n\r\n<p>Sie haben das Recht:<\/p>\r\n\r\n\r\n\r\n<ul class=\"wp-block-list\">\r\n<li>gem\u00e4\u00df Art. 16 DS-GVO unverz\u00fcglich die Berichtigung unrichtiger oder Vervollst\u00e4ndigung Ihrer bei uns gespeicherten personenbezogenen Daten zu verlangen;<\/li>\r\n<li>gem\u00e4\u00df Art. 17 DS-GVO die L\u00f6schung Ihrer bei uns gespeicherten personenbezogenen Daten zu verlangen, soweit nicht die Verarbeitung zur Aus\u00fcbung des Rechts auf freie Meinungs\u00e4u\u00dferung und Information, zur Erf\u00fcllung einer rechtlichen Verpflichtung, aus Gr\u00fcnden des \u00f6ffentlichen Interesses oder zur Geltendmachung, Aus\u00fcbung oder Verteidigung von Rechtsanspr\u00fcchen erforderlich ist;<\/li>\r\n<li>gem\u00e4\u00df Art. 18 DS-GVO die Einschr\u00e4nkung der Verarbeitung Ihrer personenbezogenen Daten zu verlangen, soweit die Richtigkeit der Daten von Ihnen bestritten wird, die Verarbeitung unrechtm\u00e4\u00dfig ist, Sie aber deren L\u00f6schung ablehnen und wir die Daten nicht mehr ben\u00f6tigen, Sie jedoch diese zur Geltendmachung, Aus\u00fcbung oder Verteidigung von Rechtsanspr\u00fcchen ben\u00f6tigen oder Sie gem\u00e4\u00df Art. 21 DS-GVO Widerspruch gegen die Verarbeitung eingelegt haben;<\/li>\r\n<li>gem\u00e4\u00df Art. 20 DS-GVO Ihre personenbezogenen Daten, die Sie uns bereitgestellt haben, in einem strukturierten, g\u00e4ngigen und maschinenlesebaren Format zu erhalten oder die \u00dcbermittlung an einen anderen Verantwortlichen zu verlangen;<\/li>\r\n<li>gem\u00e4\u00df Art. 7 Abs. 3 DS-GVO Ihre einmal erteilte Einwilligung jederzeit gegen\u00fcber uns zu widerrufen. Dies hat zur Folge, dass wir die Datenverarbeitung, die auf dieser Einwilligung beruhte, f\u00fcr die Zukunft nicht mehr fortf\u00fchren d\u00fcrfen und<\/li>\r\n<li>gem\u00e4\u00df Art. 77 DS-GVO sich bei einer Aufsichtsbeh\u00f6rde zu beschweren. In der Regel k\u00f6nnen Sie sich hierf\u00fcr an die Aufsichtsbeh\u00f6rde Ihres \u00fcblichen Aufenthaltsortes oder Arbeitsplatzes oder unseres Unternehmenssitzes wenden.<\/li>\r\n<\/ul>\r\n\r\n\r\n\r\n<p><strong>Widerspruchsrecht<\/strong><\/p>\r\n\r\n\r\n\r\n<p>Sofern Ihre personenbezogenen Daten auf Grundlage von berechtigten Interessen gem\u00e4\u00df Art. 6 Abs. 1 S. 1 lit. f DS-GVO verarbeitet werden, haben Sie das Recht, gem\u00e4\u00df Art. 21 DS-GVO Widerspruch gegen die Verarbeitung Ihrer personenbezogenen Daten einzulegen, soweit daf\u00fcr Gr\u00fcnde vorliegen, die sich aus Ihrer besonderen Situation ergeben. M\u00f6chten Sie von Ihrem Widerrufs- oder Widerspruchsrecht Gebrauch machen, gen\u00fcgt eine E-Mail an datenschutz@gwg-asperg.de.<\/p>\r\n\r\n\r\n\r\n<p><strong>Routinem\u00e4\u00dfige L\u00f6schung und Sperrung von personenbezogenen Daten<\/strong><\/p>\r\n\r\n\r\n\r\n<p>Der f\u00fcr die Verarbeitung Verantwortliche verarbeitet und speichert personenbezogene Daten der betroffenen Person nur f\u00fcr den Zeitraum, der zur Erreichung des Speicherungszwecks erforderlich ist oder sofern dies durch den Europ\u00e4ischen Richtlinien- und Verordnungsgeber oder einen anderen Gesetzgeber in Gesetzen oder Vorschriften, welchen der f\u00fcr die Verarbeitung Verantwortliche unterliegt, vorgesehen wurde.Entf\u00e4llt der Speicherungszweck oder l\u00e4uft eine vom Europ\u00e4ischen Richtlinien- und Verordnungsgeber oder einem anderen zust\u00e4ndigen Gesetzgeber vorgeschriebene Speicherfrist ab, werden die personenbezogenen Daten routinem\u00e4\u00dfig und entsprechend den gesetzlichen Vorschriften gesperrt oder gel\u00f6scht.<\/p>\r\n\r\n\r\n\r\n<p><strong>Cookies<\/strong><\/p>\r\n\r\n\r\n\r\n<p>Cookies werden nur gespeichert, sofern Sie dies selbst in Ihren Browsereinstellungen erlaubt haben.<\/p>\r\n\r\n\r\n\r\n<p><strong>Tracking-Tools (z.B. Google Analytics)<\/strong><\/p>\r\n\r\n\r\n\r\n<p>Wir setzen auf unserer Website derzeit keine Analyse-Tools ein.<\/p>\r\n\r\n\r\n\r\n<p><strong>Social Media Plug-ins<\/strong><\/p>\r\n\r\n\r\n\r\n<p>Wir setzen auf unserer Website derzeit keine Social Media Plug-Ins ein.<\/p>\r\n\r\n\r\n\r\n<p>***** ENDE DER DATENSCHUTZERKL\u00c4RUNG (STAND MAI 2018) *****<\/p>\r\n\r\n\r\n\r\n<p>&nbsp;<\/p>\r\n","protected":false},"excerpt":{"rendered":"<p>Electrical Network Solutions UG Electrical Network Solutions UG (haftungsbeschr\u00e4nkt) Erlenstra\u00dfe 1372290 Lo\u00dfburgTelefon: (0711) 460523-180Telefax: (0711) 460523-189 Bankverbindung:Volksbank Mittlerer Neckar eGIBAN: DE49 6129 0120 0271 4420&#8230;<\/p>\n<div class=\"more-link-wrapper\"><a class=\"more-link\" href=\"https:\/\/www.ensolutions.de\/?page_id=6\">Lesen Sie weiter<span class=\"screen-reader-text\">Imprerssum<\/span><\/a><\/div>\n","protected":false},"author":1,"featured_media":0,"parent":0,"menu_order":90,"comment_status":"closed","ping_status":"closed","template":"","meta":{"footnotes":""},"class_list":["post-6","page","type-page","status-publish","hentry","entry"],"_links":{"self":[{"href":"https:\/\/www.ensolutions.de\/index.php?rest_route=\/wp\/v2\/pages\/6","targetHints":{"allow":["GET"]}}],"collection":[{"href":"https:\/\/www.ensolutions.de\/index.php?rest_route=\/wp\/v2\/pages"}],"about":[{"href":"https:\/\/www.ensolutions.de\/index.php?rest_route=\/wp\/v2\/types\/page"}],"author":[{"embeddable":true,"href":"https:\/\/www.ensolutions.de\/index.php?rest_route=\/wp\/v2\/users\/1"}],"replies":[{"embeddable":true,"href":"https:\/\/www.ensolutions.de\/index.php?rest_route=%2Fwp%2Fv2%2Fcomments&post=6"}],"version-history":[{"count":7,"href":"https:\/\/www.ensolutions.de\/index.php?rest_route=\/wp\/v2\/pages\/6\/revisions"}],"predecessor-version":[{"id":27,"href":"https:\/\/www.ensolutions.de\/index.php?rest_route=\/wp\/v2\/pages\/6\/revisions\/27"}],"wp:attachment":[{"href":"https:\/\/www.ensolutions.de\/index.php?rest_route=%2Fwp%2Fv2%2Fmedia&parent=6"}],"curies":[{"name":"wp","href":"https:\/\/api.w.org\/{rel}","templated":true}]}}